{"id":31,"date":"2019-02-19T10:05:43","date_gmt":"2019-02-19T13:05:43","guid":{"rendered":"http:\/\/escolaescobar.com.br\/ee\/?page_id=31"},"modified":"2021-08-24T13:49:21","modified_gmt":"2021-08-24T16:49:21","slug":"matriculas","status":"publish","type":"page","link":"https:\/\/escolaescobar.com.br\/ee\/matriculas\/","title":{"rendered":"Agendar entrevista"},"content":{"rendered":"\r\n<h3 class=\"wp-block-heading\"><span style=\"font-size: 12pt;\">Agenda de entrevista\/visita ao Col\u00e9gio.<\/span><\/h3>\r\n<p><span style=\"font-size: 10pt;\">Atividades para pais ou respons\u00e1veis que desejam conhecer melhor a estrutura e a proposta pedag\u00f3gica, atrav\u00e9s da visita\u00e7\u00e3o.<\/span><\/p>\r\n<p><span style=\"font-size: 10pt;\">A presen\u00e7a do aluno(a) \u00e9 obrigat\u00f3ria.<\/span><\/p>\r\n<p><span style=\"font-size: 10pt;\">Preencha o formul\u00e1rio abaixo no final desta p\u00e1gina.<br \/><\/span><\/p>\r\n<p><span style=\"font-size: 10pt;\">Entraremos em contato para agendarmos.<\/span><\/p>\r\n<p><span style=\"font-size: 10pt;\">\r\n\r\n<\/span><\/p>\r\n<p><span style=\"font-size: 10pt;\">Para mais informa\u00e7\u00f5es, ligue (51) 3335-1800 ou (51) 99563-0903<\/span><\/p>\r\n<p><span style=\"font-size: 10pt;\"><img loading=\"lazy\" decoding=\"async\" class=\"wp-image-912 alignleft\" src=\"https:\/\/escolaescobar.com.br\/ee\/wp-content\/uploads\/2020\/08\/Whatsapp.jpg\" alt=\"\" width=\"51\" height=\"51\" srcset=\"https:\/\/escolaescobar.com.br\/ee\/wp-content\/uploads\/2020\/08\/Whatsapp.jpg 1200w, https:\/\/escolaescobar.com.br\/ee\/wp-content\/uploads\/2020\/08\/Whatsapp-300x300.jpg 300w, https:\/\/escolaescobar.com.br\/ee\/wp-content\/uploads\/2020\/08\/Whatsapp-100x100.jpg 100w, https:\/\/escolaescobar.com.br\/ee\/wp-content\/uploads\/2020\/08\/Whatsapp-600x600.jpg 600w, https:\/\/escolaescobar.com.br\/ee\/wp-content\/uploads\/2020\/08\/Whatsapp-1024x1024.jpg 1024w, https:\/\/escolaescobar.com.br\/ee\/wp-content\/uploads\/2020\/08\/Whatsapp-150x150.jpg 150w, https:\/\/escolaescobar.com.br\/ee\/wp-content\/uploads\/2020\/08\/Whatsapp-768x768.jpg 768w\" sizes=\"auto, (max-width: 51px) 100vw, 51px\" \/>WhatsApp (51)98033-9845.<\/span><\/p>\r\n<p>&nbsp;<\/p>\r\n<p><span style=\"font-size: 10pt;\"><strong>Documenta\u00e7\u00e3o necess\u00e1ria <\/strong><\/span><\/p>\r\n<p><span style=\"font-size: 10pt;\">Agilize sua matr\u00edcula providenciando os seguintes documentos<\/span><\/p>\r\n<table>\r\n<tbody>\r\n<tr>\r\n<td><span style=\"font-size: 10pt;\">Documentos<\/span><\/td>\r\n<td><span style=\"font-size: 10pt;\">1\u00ba ano<\/span><\/td>\r\n<td><span style=\"font-size: 10pt;\">2\u00ba ano<\/span><\/td>\r\n<td><span style=\"font-size: 10pt;\">3\u00ba ano<\/span><\/td>\r\n<td><span style=\"font-size: 10pt;\">4\u00ba ano<\/span><\/td>\r\n<td><span style=\"font-size: 10pt;\">5\u00ba ano<\/span><\/td>\r\n<td><span style=\"font-size: 10pt;\">6\u00ba ano<\/span><\/td>\r\n<td><span style=\"font-size: 10pt;\">7\u00ba ano<\/span><\/td>\r\n<td><span style=\"font-size: 10pt;\">8\u00ba ano<\/span><\/td>\r\n<td><span style=\"font-size: 10pt;\">9\u00ba ano<\/span><\/td>\r\n<\/tr>\r\n<tr>\r\n<td><span style=\"font-size: 10pt;\">1 foto 3&#215;4<\/span><\/td>\r\n<td><span style=\"font-size: 10pt;\"><strong>\u221a<\/strong><\/span><\/td>\r\n<td><span style=\"font-size: 10pt;\"><strong>\u221a<\/strong><\/span><\/td>\r\n<td><span style=\"font-size: 10pt;\"><strong>\u221a<\/strong><\/span><\/td>\r\n<td><span style=\"font-size: 10pt;\"><strong>\u221a<\/strong><\/span><\/td>\r\n<td><span style=\"font-size: 10pt;\"><strong>\u221a<\/strong><\/span><\/td>\r\n<td><span style=\"font-size: 10pt;\"><strong>\u221a<\/strong><\/span><\/td>\r\n<td><span style=\"font-size: 10pt;\"><strong>\u221a<\/strong><\/span><\/td>\r\n<td><span style=\"font-size: 10pt;\"><strong>\u221a<\/strong><\/span><\/td>\r\n<td><span style=\"font-size: 10pt;\"><strong>\u221a<\/strong><\/span><\/td>\r\n<\/tr>\r\n<tr>\r\n<td><span style=\"font-size: 10pt;\">Certid\u00e3o de Nascimento (c\u00f3pia)<\/span><\/td>\r\n<td><span style=\"font-size: 10pt;\"><strong>\u221a<\/strong><\/span><\/td>\r\n<td><span style=\"font-size: 10pt;\"><strong>\u221a<\/strong><\/span><\/td>\r\n<td><span style=\"font-size: 10pt;\"><strong>\u221a<\/strong><\/span><\/td>\r\n<td><span style=\"font-size: 10pt;\"><strong>\u221a<\/strong><\/span><\/td>\r\n<td><span style=\"font-size: 10pt;\"><strong>\u221a<\/strong><\/span><\/td>\r\n<td><span style=\"font-size: 10pt;\"><strong>\u221a<\/strong><\/span><\/td>\r\n<td><span style=\"font-size: 10pt;\"><strong>\u221a<\/strong><\/span><\/td>\r\n<td><span style=\"font-size: 10pt;\"><strong>\u221a<\/strong><\/span><\/td>\r\n<td><span style=\"font-size: 10pt;\"><strong>\u221a<\/strong><\/span><\/td>\r\n<\/tr>\r\n<tr>\r\n<td><span style=\"font-size: 10pt;\">Rg do respons\u00e1vel (c\u00f3pia)<\/span><\/td>\r\n<td><span style=\"font-size: 10pt;\"><strong>\u221a<\/strong><\/span><\/td>\r\n<td><span style=\"font-size: 10pt;\"><strong>\u221a<\/strong><\/span><\/td>\r\n<td><span style=\"font-size: 10pt;\"><strong>\u221a<\/strong><\/span><\/td>\r\n<td><span style=\"font-size: 10pt;\"><strong>\u221a<\/strong><\/span><\/td>\r\n<td><span style=\"font-size: 10pt;\"><strong>\u221a<\/strong><\/span><\/td>\r\n<td><span style=\"font-size: 10pt;\"><strong>\u221a<\/strong><\/span><\/td>\r\n<td><span style=\"font-size: 10pt;\"><strong>\u221a<\/strong><\/span><\/td>\r\n<td><span style=\"font-size: 10pt;\"><strong>\u221a<\/strong><\/span><\/td>\r\n<td><span style=\"font-size: 10pt;\"><strong>\u221a<\/strong><\/span><\/td>\r\n<\/tr>\r\n<tr>\r\n<td><span style=\"font-size: 10pt;\">Comprovante de resid\u00eancia (c\u00f3pia)<\/span><\/td>\r\n<td><span style=\"font-size: 10pt;\"><strong>\u221a<\/strong><\/span><\/td>\r\n<td><span style=\"font-size: 10pt;\"><strong>\u221a<\/strong><\/span><\/td>\r\n<td><span style=\"font-size: 10pt;\"><strong>\u221a<\/strong><\/span><\/td>\r\n<td><span style=\"font-size: 10pt;\"><strong>\u221a<\/strong><\/span><\/td>\r\n<td><span style=\"font-size: 10pt;\"><strong>\u221a<\/strong><\/span><\/td>\r\n<td><span style=\"font-size: 10pt;\"><strong>\u221a<\/strong><\/span><\/td>\r\n<td><span style=\"font-size: 10pt;\"><strong>\u221a<\/strong><\/span><\/td>\r\n<td><span style=\"font-size: 10pt;\"><strong>\u221a<\/strong><\/span><\/td>\r\n<td><span style=\"font-size: 10pt;\"><strong>\u221a<\/strong><\/span><\/td>\r\n<\/tr>\r\n<tr>\r\n<td><span style=\"font-size: 10pt;\">Carteira de vacina\u00e7\u00e3o (c\u00f3pia)<\/span><\/td>\r\n<td><span style=\"font-size: 10pt;\"><strong>\u221a<\/strong><\/span><\/td>\r\n<td><span style=\"font-size: 10pt;\">\u00d7<\/span><\/td>\r\n<td><span style=\"font-size: 10pt;\">\u00d7<\/span><\/td>\r\n<td><span style=\"font-size: 10pt;\">\u00d7<\/span><\/td>\r\n<td><span style=\"font-size: 10pt;\">\u00d7<\/span><\/td>\r\n<td><span style=\"font-size: 10pt;\">\u00d7<\/span><\/td>\r\n<td><span style=\"font-size: 10pt;\">\u00d7<\/span><\/td>\r\n<td><span style=\"font-size: 10pt;\">\u00d7<\/span><\/td>\r\n<td><span style=\"font-size: 10pt;\">\u00d7<\/span><\/td>\r\n<\/tr>\r\n<tr>\r\n<td><span style=\"font-size: 10pt;\">Boletim Escolar (c\u00f3pia)<\/span><\/td>\r\n<td><span style=\"font-size: 10pt;\">\u00d7<\/span><\/td>\r\n<td><span style=\"font-size: 10pt;\"><strong>\u221a<\/strong><\/span><\/td>\r\n<td><span style=\"font-size: 10pt;\"><strong>\u221a<\/strong><\/span><\/td>\r\n<td><span style=\"font-size: 10pt;\"><strong>\u221a<\/strong><\/span><\/td>\r\n<td><span style=\"font-size: 10pt;\"><strong>\u221a<\/strong><\/span><\/td>\r\n<td><span style=\"font-size: 10pt;\"><strong>\u221a<\/strong><\/span><\/td>\r\n<td><span style=\"font-size: 10pt;\"><strong>\u221a<\/strong><\/span><\/td>\r\n<td><span style=\"font-size: 10pt;\"><strong>\u221a<\/strong><\/span><\/td>\r\n<td><span style=\"font-size: 10pt;\"><strong>\u221a<\/strong><\/span><\/td>\r\n<\/tr>\r\n<tr>\r\n<td><span style=\"font-size: 10pt;\">Hist\u00f3rico Escolar em 2 vias originais<\/span><\/td>\r\n<td><span style=\"font-size: 10pt;\">\u00d7<\/span><\/td>\r\n<td><span style=\"font-size: 10pt;\"><strong>\u221a<\/strong><\/span><\/td>\r\n<td><span style=\"font-size: 10pt;\"><strong>\u221a<\/strong><\/span><\/td>\r\n<td><span style=\"font-size: 10pt;\"><strong>\u221a<\/strong><\/span><\/td>\r\n<td><span style=\"font-size: 10pt;\"><strong>\u221a<\/strong><\/span><\/td>\r\n<td><span style=\"font-size: 10pt;\"><strong>\u221a<\/strong><\/span><\/td>\r\n<td><span style=\"font-size: 10pt;\"><strong>\u221a<\/strong><\/span><\/td>\r\n<td><span style=\"font-size: 10pt;\"><strong>\u221a<\/strong><\/span><\/td>\r\n<td><span style=\"font-size: 10pt;\"><strong>\u221a<\/strong><\/span><\/td>\r\n<\/tr>\r\n<tr>\r\n<td><span style=\"font-size: 10pt;\">Atestado financeiro da escola de origem<\/span><\/td>\r\n<td><span style=\"font-size: 10pt;\">\u00d7<\/span><\/td>\r\n<td><span style=\"font-size: 10pt;\"><strong>\u221a<\/strong><\/span><\/td>\r\n<td><span style=\"font-size: 10pt;\"><strong>\u221a<\/strong><\/span><\/td>\r\n<td><span style=\"font-size: 10pt;\"><strong>\u221a<\/strong><\/span><\/td>\r\n<td><span style=\"font-size: 10pt;\"><strong>\u221a<\/strong><\/span><\/td>\r\n<td><span style=\"font-size: 10pt;\"><strong>\u221a<\/strong><\/span><\/td>\r\n<td><span style=\"font-size: 10pt;\"><strong>\u221a<\/strong><\/span><\/td>\r\n<td><span style=\"font-size: 10pt;\"><strong>\u221a<\/strong><\/span><\/td>\r\n<td><span style=\"font-size: 10pt;\"><strong>\u221a<\/strong><\/span><\/td>\r\n<\/tr>\r\n<\/tbody>\r\n<\/table>\r\n\r\n\r\n\r\n<p><span style=\"font-size: 10pt;\">Preencha o formul\u00e1rio a seguir para o agendamento da entrevista.<\/span><\/p>\r\n\r\n\r\n<div class=\"wpforms-container wpforms-container-full\" id=\"wpforms-89\"><form id=\"wpforms-form-89\" class=\"wpforms-validate wpforms-form\" data-formid=\"89\" method=\"post\" enctype=\"multipart\/form-data\" action=\"\/ee\/wp-json\/wp\/v2\/pages\/31\" data-token=\"c96507c0e4eb22f4b2d375debe41bc7a\"><noscript class=\"wpforms-error-noscript\">Ative o JavaScript no seu navegador para preencher este formul\u00e1rio.<\/noscript><div class=\"wpforms-field-container\"><div id=\"wpforms-89-field_1-container\" class=\"wpforms-field wpforms-field-text\" data-field-id=\"1\"><label class=\"wpforms-field-label\" for=\"wpforms-89-field_1\">Nome do respons\u00e1vel pelo aluno <span class=\"wpforms-required-label\">*<\/span><\/label><input type=\"text\" id=\"wpforms-89-field_1\" class=\"wpforms-field-medium wpforms-field-required\" name=\"wpforms[fields][1]\" required><\/div><div id=\"wpforms-89-field_13-container\" class=\"wpforms-field wpforms-field-number\" data-field-id=\"13\"><label class=\"wpforms-field-label\" for=\"wpforms-89-field_13\">CPF (somente n\u00fameros) <span class=\"wpforms-required-label\">*<\/span><\/label><input type=\"number\" pattern=\"\\d*\" id=\"wpforms-89-field_13\" class=\"wpforms-field-medium wpforms-field-required\" name=\"wpforms[fields][13]\" required><\/div><div id=\"wpforms-89-field_16-container\" class=\"wpforms-field wpforms-field-text\" data-field-id=\"16\"><label class=\"wpforms-field-label\" for=\"wpforms-89-field_16\">Profiss\u00e3o <span class=\"wpforms-required-label\">*<\/span><\/label><input type=\"text\" id=\"wpforms-89-field_16\" class=\"wpforms-field-medium wpforms-field-required\" name=\"wpforms[fields][16]\" required><\/div><div id=\"wpforms-89-field_12-container\" class=\"wpforms-field wpforms-field-email\" data-field-id=\"12\"><label class=\"wpforms-field-label\" for=\"wpforms-89-field_12\">Email <span class=\"wpforms-required-label\">*<\/span><\/label><input type=\"email\" id=\"wpforms-89-field_12\" class=\"wpforms-field-medium wpforms-field-required\" name=\"wpforms[fields][12]\" required><\/div><div id=\"wpforms-89-field_10-container\" class=\"wpforms-field wpforms-field-phone\" data-field-id=\"10\"><label class=\"wpforms-field-label\" for=\"wpforms-89-field_10\">Telefone Residencial <span class=\"wpforms-required-label\">*<\/span><\/label><input type=\"tel\" id=\"wpforms-89-field_10\" class=\"wpforms-field-small wpforms-field-required wpforms-smart-phone-field\" data-rule-smart-phone-field=\"true\" name=\"wpforms[fields][10]\" required><\/div><div id=\"wpforms-89-field_11-container\" class=\"wpforms-field wpforms-field-phone\" data-field-id=\"11\"><label class=\"wpforms-field-label\" for=\"wpforms-89-field_11\">Telefone celular <span class=\"wpforms-required-label\">*<\/span><\/label><input type=\"tel\" id=\"wpforms-89-field_11\" class=\"wpforms-field-small wpforms-field-required wpforms-smart-phone-field\" data-rule-smart-phone-field=\"true\" name=\"wpforms[fields][11]\" required><\/div><div id=\"wpforms-89-field_3-container\" class=\"wpforms-field wpforms-field-text\" data-field-id=\"3\"><label class=\"wpforms-field-label\" for=\"wpforms-89-field_3\">Nome do aluno(a) <span class=\"wpforms-required-label\">*<\/span><\/label><input type=\"text\" id=\"wpforms-89-field_3\" class=\"wpforms-field-medium wpforms-field-required\" name=\"wpforms[fields][3]\" required><\/div><div id=\"wpforms-89-field_15-container\" class=\"wpforms-field wpforms-field-text\" data-field-id=\"15\"><label class=\"wpforms-field-label\" for=\"wpforms-89-field_15\">Data de nascimento <span class=\"wpforms-required-label\">*<\/span><\/label><input type=\"text\" id=\"wpforms-89-field_15\" class=\"wpforms-field-medium wpforms-field-required\" name=\"wpforms[fields][15]\" required><\/div><div id=\"wpforms-89-field_4-container\" class=\"wpforms-field wpforms-field-text\" data-field-id=\"4\"><label class=\"wpforms-field-label\" for=\"wpforms-89-field_4\">Escola de origem <span class=\"wpforms-required-label\">*<\/span><\/label><input type=\"text\" id=\"wpforms-89-field_4\" class=\"wpforms-field-medium wpforms-field-required\" name=\"wpforms[fields][4]\" required><\/div><div id=\"wpforms-89-field_6-container\" class=\"wpforms-field wpforms-field-select wpforms-field-select-style-modern\" data-field-id=\"6\"><label class=\"wpforms-field-label\" for=\"wpforms-89-field_6\">Ano pretendido <span class=\"wpforms-required-label\">*<\/span><\/label><select id=\"wpforms-89-field_6\" class=\"wpforms-field-small wpforms-field-required choicesjs-select\" data-size-class=\"wpforms-field-row wpforms-field-small\" data-search-enabled=\"1\" name=\"wpforms[fields][6]\" required=\"required\"><option value=\"\" class=\"placeholder\" disabled  selected='selected'>1\u00ba ano<\/option><option value=\"1\u00ba ano\" >1\u00ba ano<\/option><option value=\"2\u00ba ano\" >2\u00ba ano<\/option><option value=\"3\u00ba ano\" >3\u00ba ano<\/option><option value=\"4\u00ba ano\" >4\u00ba ano<\/option><option value=\"5\u00ba ano\" >5\u00ba ano<\/option><option value=\"6\u00ba ano\" >6\u00ba ano<\/option><option value=\"7\u00ba ano\" >7\u00ba ano<\/option><option value=\"8\u00ba ano\" >8\u00ba ano<\/option><option value=\"9\u00ba ano\" >9\u00ba ano<\/option><\/select><\/div><div id=\"wpforms-89-field_19-container\" class=\"wpforms-field wpforms-field-checkbox\" data-field-id=\"19\"><label class=\"wpforms-field-label\" for=\"wpforms-89-field_19\">Aluno requer atendimento especial?<\/label><ul id=\"wpforms-89-field_19\"><li class=\"choice-1 depth-1\"><input type=\"checkbox\" id=\"wpforms-89-field_19_1\" name=\"wpforms[fields][19][]\" value=\"Sim\"  ><label class=\"wpforms-field-label-inline\" for=\"wpforms-89-field_19_1\">Sim<\/label><\/li><li class=\"choice-2 depth-1\"><input type=\"checkbox\" id=\"wpforms-89-field_19_2\" name=\"wpforms[fields][19][]\" value=\"N\u00e3o\"  ><label class=\"wpforms-field-label-inline\" for=\"wpforms-89-field_19_2\">N\u00e3o<\/label><\/li><\/ul><\/div><\/div><div class=\"wpforms-field wpforms-field-hp\"><label for=\"wpforms-89-field-hp\" class=\"wpforms-field-label\">Email<\/label><input type=\"text\" name=\"wpforms[hp]\" id=\"wpforms-89-field-hp\" class=\"wpforms-field-medium\"><\/div><div class=\"wpforms-submit-container\" ><input type=\"hidden\" name=\"wpforms[id]\" value=\"89\"><input type=\"hidden\" name=\"wpforms[author]\" value=\"1\"><button type=\"submit\" name=\"wpforms[submit]\" class=\"wpforms-submit \" id=\"wpforms-submit-89\" value=\"wpforms-submit\" aria-live=\"assertive\" data-alt-text=\"Sending...\" data-submit-text=\"Submit\">Submit<\/button><\/div><\/form><\/div>  <!-- .wpforms-container -->\n\r\n\r\n\r\n<p>&nbsp;<\/p>\r\n\r\n\r\n\r\n<p>&nbsp;<\/p>","protected":false},"excerpt":{"rendered":"<p>Agenda de entrevista\/visita ao Col\u00e9gio. Atividades para pais ou respons\u00e1veis que desejam conhecer melhor a estrutura e a proposta pedag\u00f3gica, atrav\u00e9s da visita\u00e7\u00e3o. A presen\u00e7a do aluno(a) \u00e9 obrigat\u00f3ria. Preencha o formul\u00e1rio abaixo no final desta p\u00e1gina. Entraremos em contato para agendarmos. Para mais informa\u00e7\u00f5es, ligue (51) 3335-1800 ou (51) 99563-0903 WhatsApp (51)98033-9845. &nbsp; Documenta\u00e7\u00e3o [&hellip;]<\/p>\n","protected":false},"author":1,"featured_media":0,"parent":0,"menu_order":0,"comment_status":"closed","ping_status":"closed","template":"","meta":{"footnotes":""},"class_list":["post-31","page","type-page","status-publish","hentry"],"yoast_head":"<!-- This site is optimized with the Yoast SEO plugin v27.4 - https:\/\/yoast.com\/product\/yoast-seo-wordpress\/ -->\n<title>Agendar entrevista - Escola Escobar<\/title>\n<meta name=\"robots\" content=\"index, follow, max-snippet:-1, max-image-preview:large, max-video-preview:-1\" \/>\n<link rel=\"canonical\" href=\"https:\/\/escolaescobar.com.br\/ee\/matriculas\/\" \/>\n<meta property=\"og:locale\" content=\"pt_BR\" \/>\n<meta property=\"og:type\" content=\"article\" \/>\n<meta property=\"og:title\" content=\"Agendar entrevista - Escola Escobar\" \/>\n<meta property=\"og:description\" content=\"Agenda de entrevista\/visita ao Col\u00e9gio. Atividades para pais ou respons\u00e1veis que desejam conhecer melhor a estrutura e a proposta pedag\u00f3gica, atrav\u00e9s da visita\u00e7\u00e3o. A presen\u00e7a do aluno(a) \u00e9 obrigat\u00f3ria. Preencha o formul\u00e1rio abaixo no final desta p\u00e1gina. Entraremos em contato para agendarmos. Para mais informa\u00e7\u00f5es, ligue (51) 3335-1800 ou (51) 99563-0903 WhatsApp (51)98033-9845. &nbsp; Documenta\u00e7\u00e3o [&hellip;]\" \/>\n<meta property=\"og:url\" content=\"https:\/\/escolaescobar.com.br\/ee\/matriculas\/\" \/>\n<meta property=\"og:site_name\" content=\"Escola Escobar\" \/>\n<meta property=\"article:publisher\" content=\"https:\/\/www.facebook.com\/EscolaCoronelEscobar\" \/>\n<meta property=\"article:modified_time\" content=\"2021-08-24T16:49:21+00:00\" \/>\n<meta property=\"og:image\" content=\"http:\/\/escolaescobar.com.br\/ee\/wp-content\/uploads\/2020\/08\/Whatsapp.jpg\" \/>\n<meta name=\"twitter:card\" content=\"summary_large_image\" \/>\n<meta name=\"twitter:label1\" content=\"Est. tempo de leitura\" \/>\n\t<meta name=\"twitter:data1\" content=\"2 minutos\" \/>\n<script type=\"application\/ld+json\" class=\"yoast-schema-graph\">{\"@context\":\"https:\\\/\\\/schema.org\",\"@graph\":[{\"@type\":\"WebPage\",\"@id\":\"https:\\\/\\\/escolaescobar.com.br\\\/ee\\\/matriculas\\\/\",\"url\":\"https:\\\/\\\/escolaescobar.com.br\\\/ee\\\/matriculas\\\/\",\"name\":\"Agendar entrevista - Escola Escobar\",\"isPartOf\":{\"@id\":\"https:\\\/\\\/escolaescobar.com.br\\\/ee\\\/#website\"},\"primaryImageOfPage\":{\"@id\":\"https:\\\/\\\/escolaescobar.com.br\\\/ee\\\/matriculas\\\/#primaryimage\"},\"image\":{\"@id\":\"https:\\\/\\\/escolaescobar.com.br\\\/ee\\\/matriculas\\\/#primaryimage\"},\"thumbnailUrl\":\"http:\\\/\\\/escolaescobar.com.br\\\/ee\\\/wp-content\\\/uploads\\\/2020\\\/08\\\/Whatsapp.jpg\",\"datePublished\":\"2019-02-19T13:05:43+00:00\",\"dateModified\":\"2021-08-24T16:49:21+00:00\",\"breadcrumb\":{\"@id\":\"https:\\\/\\\/escolaescobar.com.br\\\/ee\\\/matriculas\\\/#breadcrumb\"},\"inLanguage\":\"pt-BR\",\"potentialAction\":[{\"@type\":\"ReadAction\",\"target\":[\"https:\\\/\\\/escolaescobar.com.br\\\/ee\\\/matriculas\\\/\"]}]},{\"@type\":\"ImageObject\",\"inLanguage\":\"pt-BR\",\"@id\":\"https:\\\/\\\/escolaescobar.com.br\\\/ee\\\/matriculas\\\/#primaryimage\",\"url\":\"http:\\\/\\\/escolaescobar.com.br\\\/ee\\\/wp-content\\\/uploads\\\/2020\\\/08\\\/Whatsapp.jpg\",\"contentUrl\":\"http:\\\/\\\/escolaescobar.com.br\\\/ee\\\/wp-content\\\/uploads\\\/2020\\\/08\\\/Whatsapp.jpg\"},{\"@type\":\"BreadcrumbList\",\"@id\":\"https:\\\/\\\/escolaescobar.com.br\\\/ee\\\/matriculas\\\/#breadcrumb\",\"itemListElement\":[{\"@type\":\"ListItem\",\"position\":1,\"name\":\"In\u00edcio\",\"item\":\"https:\\\/\\\/escolaescobar.com.br\\\/ee\\\/\"},{\"@type\":\"ListItem\",\"position\":2,\"name\":\"Agendar entrevista\"}]},{\"@type\":\"WebSite\",\"@id\":\"https:\\\/\\\/escolaescobar.com.br\\\/ee\\\/#website\",\"url\":\"https:\\\/\\\/escolaescobar.com.br\\\/ee\\\/\",\"name\":\"Escola Escobar\",\"description\":\"Escola Escobar --- Desde 2002\",\"publisher\":{\"@id\":\"https:\\\/\\\/escolaescobar.com.br\\\/ee\\\/#organization\"},\"potentialAction\":[{\"@type\":\"SearchAction\",\"target\":{\"@type\":\"EntryPoint\",\"urlTemplate\":\"https:\\\/\\\/escolaescobar.com.br\\\/ee\\\/?s={search_term_string}\"},\"query-input\":{\"@type\":\"PropertyValueSpecification\",\"valueRequired\":true,\"valueName\":\"search_term_string\"}}],\"inLanguage\":\"pt-BR\"},{\"@type\":\"Organization\",\"@id\":\"https:\\\/\\\/escolaescobar.com.br\\\/ee\\\/#organization\",\"name\":\"Escola Escobar\",\"alternateName\":\"Escola de Ensino Fundamental Coronel Escobar\",\"url\":\"https:\\\/\\\/escolaescobar.com.br\\\/ee\\\/\",\"logo\":{\"@type\":\"ImageObject\",\"inLanguage\":\"pt-BR\",\"@id\":\"https:\\\/\\\/escolaescobar.com.br\\\/ee\\\/#\\\/schema\\\/logo\\\/image\\\/\",\"url\":\"https:\\\/\\\/escolaescobar.com.br\\\/ee\\\/wp-content\\\/uploads\\\/2019\\\/11\\\/Logo-Escola-para-Google.jpg\",\"contentUrl\":\"https:\\\/\\\/escolaescobar.com.br\\\/ee\\\/wp-content\\\/uploads\\\/2019\\\/11\\\/Logo-Escola-para-Google.jpg\",\"width\":250,\"height\":250,\"caption\":\"Escola Escobar\"},\"image\":{\"@id\":\"https:\\\/\\\/escolaescobar.com.br\\\/ee\\\/#\\\/schema\\\/logo\\\/image\\\/\"},\"sameAs\":[\"https:\\\/\\\/www.facebook.com\\\/EscolaCoronelEscobar\",\"https:\\\/\\\/www.instagram.com\\\/escolacoronelescobar\\\/?hl=pt-br\"]}]}<\/script>\n<!-- \/ Yoast SEO plugin. -->","yoast_head_json":{"title":"Agendar entrevista - Escola Escobar","robots":{"index":"index","follow":"follow","max-snippet":"max-snippet:-1","max-image-preview":"max-image-preview:large","max-video-preview":"max-video-preview:-1"},"canonical":"https:\/\/escolaescobar.com.br\/ee\/matriculas\/","og_locale":"pt_BR","og_type":"article","og_title":"Agendar entrevista - Escola Escobar","og_description":"Agenda de entrevista\/visita ao Col\u00e9gio. Atividades para pais ou respons\u00e1veis que desejam conhecer melhor a estrutura e a proposta pedag\u00f3gica, atrav\u00e9s da visita\u00e7\u00e3o. A presen\u00e7a do aluno(a) \u00e9 obrigat\u00f3ria. Preencha o formul\u00e1rio abaixo no final desta p\u00e1gina. Entraremos em contato para agendarmos. Para mais informa\u00e7\u00f5es, ligue (51) 3335-1800 ou (51) 99563-0903 WhatsApp (51)98033-9845. &nbsp; Documenta\u00e7\u00e3o [&hellip;]","og_url":"https:\/\/escolaescobar.com.br\/ee\/matriculas\/","og_site_name":"Escola Escobar","article_publisher":"https:\/\/www.facebook.com\/EscolaCoronelEscobar","article_modified_time":"2021-08-24T16:49:21+00:00","og_image":[{"url":"http:\/\/escolaescobar.com.br\/ee\/wp-content\/uploads\/2020\/08\/Whatsapp.jpg","type":"","width":"","height":""}],"twitter_card":"summary_large_image","twitter_misc":{"Est. tempo de leitura":"2 minutos"},"schema":{"@context":"https:\/\/schema.org","@graph":[{"@type":"WebPage","@id":"https:\/\/escolaescobar.com.br\/ee\/matriculas\/","url":"https:\/\/escolaescobar.com.br\/ee\/matriculas\/","name":"Agendar entrevista - Escola Escobar","isPartOf":{"@id":"https:\/\/escolaescobar.com.br\/ee\/#website"},"primaryImageOfPage":{"@id":"https:\/\/escolaescobar.com.br\/ee\/matriculas\/#primaryimage"},"image":{"@id":"https:\/\/escolaescobar.com.br\/ee\/matriculas\/#primaryimage"},"thumbnailUrl":"http:\/\/escolaescobar.com.br\/ee\/wp-content\/uploads\/2020\/08\/Whatsapp.jpg","datePublished":"2019-02-19T13:05:43+00:00","dateModified":"2021-08-24T16:49:21+00:00","breadcrumb":{"@id":"https:\/\/escolaescobar.com.br\/ee\/matriculas\/#breadcrumb"},"inLanguage":"pt-BR","potentialAction":[{"@type":"ReadAction","target":["https:\/\/escolaescobar.com.br\/ee\/matriculas\/"]}]},{"@type":"ImageObject","inLanguage":"pt-BR","@id":"https:\/\/escolaescobar.com.br\/ee\/matriculas\/#primaryimage","url":"http:\/\/escolaescobar.com.br\/ee\/wp-content\/uploads\/2020\/08\/Whatsapp.jpg","contentUrl":"http:\/\/escolaescobar.com.br\/ee\/wp-content\/uploads\/2020\/08\/Whatsapp.jpg"},{"@type":"BreadcrumbList","@id":"https:\/\/escolaescobar.com.br\/ee\/matriculas\/#breadcrumb","itemListElement":[{"@type":"ListItem","position":1,"name":"In\u00edcio","item":"https:\/\/escolaescobar.com.br\/ee\/"},{"@type":"ListItem","position":2,"name":"Agendar entrevista"}]},{"@type":"WebSite","@id":"https:\/\/escolaescobar.com.br\/ee\/#website","url":"https:\/\/escolaescobar.com.br\/ee\/","name":"Escola Escobar","description":"Escola Escobar --- Desde 2002","publisher":{"@id":"https:\/\/escolaescobar.com.br\/ee\/#organization"},"potentialAction":[{"@type":"SearchAction","target":{"@type":"EntryPoint","urlTemplate":"https:\/\/escolaescobar.com.br\/ee\/?s={search_term_string}"},"query-input":{"@type":"PropertyValueSpecification","valueRequired":true,"valueName":"search_term_string"}}],"inLanguage":"pt-BR"},{"@type":"Organization","@id":"https:\/\/escolaescobar.com.br\/ee\/#organization","name":"Escola Escobar","alternateName":"Escola de Ensino Fundamental Coronel Escobar","url":"https:\/\/escolaescobar.com.br\/ee\/","logo":{"@type":"ImageObject","inLanguage":"pt-BR","@id":"https:\/\/escolaescobar.com.br\/ee\/#\/schema\/logo\/image\/","url":"https:\/\/escolaescobar.com.br\/ee\/wp-content\/uploads\/2019\/11\/Logo-Escola-para-Google.jpg","contentUrl":"https:\/\/escolaescobar.com.br\/ee\/wp-content\/uploads\/2019\/11\/Logo-Escola-para-Google.jpg","width":250,"height":250,"caption":"Escola Escobar"},"image":{"@id":"https:\/\/escolaescobar.com.br\/ee\/#\/schema\/logo\/image\/"},"sameAs":["https:\/\/www.facebook.com\/EscolaCoronelEscobar","https:\/\/www.instagram.com\/escolacoronelescobar\/?hl=pt-br"]}]}},"_links":{"self":[{"href":"https:\/\/escolaescobar.com.br\/ee\/wp-json\/wp\/v2\/pages\/31","targetHints":{"allow":["GET"]}}],"collection":[{"href":"https:\/\/escolaescobar.com.br\/ee\/wp-json\/wp\/v2\/pages"}],"about":[{"href":"https:\/\/escolaescobar.com.br\/ee\/wp-json\/wp\/v2\/types\/page"}],"author":[{"embeddable":true,"href":"https:\/\/escolaescobar.com.br\/ee\/wp-json\/wp\/v2\/users\/1"}],"replies":[{"embeddable":true,"href":"https:\/\/escolaescobar.com.br\/ee\/wp-json\/wp\/v2\/comments?post=31"}],"version-history":[{"count":27,"href":"https:\/\/escolaescobar.com.br\/ee\/wp-json\/wp\/v2\/pages\/31\/revisions"}],"predecessor-version":[{"id":1993,"href":"https:\/\/escolaescobar.com.br\/ee\/wp-json\/wp\/v2\/pages\/31\/revisions\/1993"}],"wp:attachment":[{"href":"https:\/\/escolaescobar.com.br\/ee\/wp-json\/wp\/v2\/media?parent=31"}],"curies":[{"name":"wp","href":"https:\/\/api.w.org\/{rel}","templated":true}]}}