{"id":296,"date":"2019-10-24T15:25:24","date_gmt":"2019-10-24T18:25:24","guid":{"rendered":"http:\/\/escolaescobar.com.br\/ee\/?page_id=296"},"modified":"2025-08-15T16:18:27","modified_gmt":"2025-08-15T19:18:27","slug":"cadastro-professor","status":"publish","type":"page","link":"https:\/\/escolaescobar.com.br\/ee\/cadastro-professor\/","title":{"rendered":"Cadastro Professor"},"content":{"rendered":"<p><span style=\"font-size: 10pt;\">Seja Bem Vindo Professor.<\/span><\/p>\n<p><span style=\"font-size: 10pt;\">Deseja fazer parte de nossa equipe ?<\/span><\/p>\n<p><strong><span style=\"color: #ff0000;\">Aten\u00e7\u00e3o<\/span><\/strong>: Estamos cadastrando. Venha fazer parte de nossa equipe.<\/p>\n<p>&#8220;&#8221; Professores para o Ensino Fundamental I &#8220;&#8221;<\/p>\n<p><span style=\"font-size: 10pt;\">Prezado professor, para se qualificar as nossas vagas \u00e9 necess\u00e1rio o\u00a0 preenchimento do formul\u00e1rio a seguir bem como o envio pr\u00e9vio de todos os certificados comprobat\u00f3rios de suas forma\u00e7\u00f5es.<\/span><\/p>\n<p><span style=\"font-size: 10pt;\">Preencha o formul\u00e1rio a seguir. \u00c9 um pouco trabalhoso mas vale a pena !<\/span><\/p>\n<p>&nbsp;<\/p>\n<div class=\"wpforms-container wpforms-container-full\" id=\"wpforms-295\"><form id=\"wpforms-form-295\" class=\"wpforms-validate wpforms-form\" data-formid=\"295\" method=\"post\" enctype=\"multipart\/form-data\" action=\"\/ee\/wp-json\/wp\/v2\/pages\/296?wpforms_form_id=295\" data-token=\"8323413ed5925bb62cb65ea7c3741e44\"><noscript class=\"wpforms-error-noscript\">Ative o JavaScript no seu navegador para preencher este formul\u00e1rio.<\/noscript><div class=\"wpforms-field-container\"><div id=\"wpforms-295-field_1-container\" class=\"wpforms-field wpforms-field-text\" data-field-id=\"1\"><label class=\"wpforms-field-label\" for=\"wpforms-295-field_1\">Nome completo <span class=\"wpforms-required-label\">*<\/span><\/label><input type=\"text\" id=\"wpforms-295-field_1\" class=\"wpforms-field-medium wpforms-field-required\" name=\"wpforms[fields][1]\" required><\/div><div id=\"wpforms-295-field_2-container\" class=\"wpforms-field wpforms-field-text\" data-field-id=\"2\"><label class=\"wpforms-field-label\" for=\"wpforms-295-field_2\">E-mail <span class=\"wpforms-required-label\">*<\/span><\/label><input type=\"text\" id=\"wpforms-295-field_2\" class=\"wpforms-field-medium wpforms-field-required\" name=\"wpforms[fields][2]\" required><\/div><div id=\"wpforms-295-field_39-container\" class=\"wpforms-field wpforms-field-number\" data-field-id=\"39\"><label class=\"wpforms-field-label\" for=\"wpforms-295-field_39\">CPF - apenas n\u00fameros <span class=\"wpforms-required-label\">*<\/span><\/label><input type=\"number\" pattern=\"\\d*\" id=\"wpforms-295-field_39\" class=\"wpforms-field-small wpforms-field-required\" name=\"wpforms[fields][39]\" required><\/div><div id=\"wpforms-295-field_47-container\" class=\"wpforms-field wpforms-field-phone\" data-field-id=\"47\"><label class=\"wpforms-field-label\" for=\"wpforms-295-field_47\">Telefone<\/label><input type=\"tel\" id=\"wpforms-295-field_47\" class=\"wpforms-field-small wpforms-smart-phone-field\" data-rule-smart-phone-field=\"true\" name=\"wpforms[fields][47]\" ><\/div><div id=\"wpforms-295-field_28-container\" class=\"wpforms-field wpforms-field-file-upload\" data-field-id=\"28\"><label class=\"wpforms-field-label\" for=\"wpforms-295-field_28\">Envio dos Certificados - apenas me formato pdf <span class=\"wpforms-required-label\">*<\/span><\/label><div class=\"wpforms-uploader\"\n\tdata-field-id=\"28\"\n\tdata-form-id=\"295\"\n\tdata-input-name=\"wpforms_295_28\"\n\tdata-extensions=\"jpg,jpeg,jpe,gif,png,bmp,tiff,tif,webp,avif,ico,heic,heif,heics,heifs,asf,asx,wmv,wmx,wm,avi,divx,mov,qt,mpeg,mpg,mpe,mp4,m4v,ogv,webm,mkv,3gp,3gpp,3g2,3gp2,txt,asc,c,cc,h,srt,csv,tsv,ics,rtx,css,vtt,mp3,m4a,m4b,aac,ra,ram,wav,ogg,oga,flac,mid,midi,wma,wax,mka,rtf,pdf,class,tar,zip,gz,gzip,rar,7z,psd,xcf,doc,pot,pps,ppt,wri,xla,xls,xlt,xlw,mpp,docx,docm,dotx,dotm,xlsx,xlsm,xlsb,xltx,xltm,xlam,pptx,pptm,ppsx,ppsm,potx,potm,ppam,sldx,sldm,onetoc,onetoc2,onepkg,oxps,xps,odt,odp,ods,odg,odc,odb,odf,wp,wpd,key,numbers,pages\"\n\tdata-max-size=\"268435456\"\n\tdata-max-file-number=\"1\"\n\tdata-post-max-size=\"268435456\"\n    data-max-parallel-uploads=\"4\"\n    data-parallel-uploads=\"true\"\n\tdata-file-chunk-size=\"2097152\">\n\t<div class=\"dz-message\">\n\t\t<svg viewBox=\"0 0 1024 1024\" focusable=\"false\" class=\"\" data-icon=\"inbox\" width=\"50px\" height=\"50px\" fill=\"#B1B1B1\" aria-hidden=\"true\"><path d=\"M885.2 446.3l-.2-.8-112.2-285.1c-5-16.1-19.9-27.2-36.8-27.2H281.2c-17 0-32.1 11.3-36.9 27.6L139.4 443l-.3.7-.2.8c-1.3 4.9-1.7 9.9-1 14.8-.1 1.6-.2 3.2-.2 4.8V830a60.9 60.9 0 0 0 60.8 60.8h627.2c33.5 0 60.8-27.3 60.9-60.8V464.1c0-1.3 0-2.6-.1-3.7.4-4.9 0-9.6-1.3-14.1zm-295.8-43l-.3 15.7c-.8 44.9-31.8 75.1-77.1 75.1-22.1 0-41.1-7.1-54.8-20.6S436 441.2 435.6 419l-.3-15.7H229.5L309 210h399.2l81.7 193.3H589.4zm-375 76.8h157.3c24.3 57.1 76 90.8 140.4 90.8 33.7 0 65-9.4 90.3-27.2 22.2-15.6 39.5-37.4 50.7-63.6h156.5V814H214.4V480.1z\"><\/path><\/svg>\n\t\t<span class=\"modern-title\">\n\t\t\tClique ou arraste um arquivo para esta \u00e1rea para fazer upload.\t\t<\/span>\n\n\t\t\t<\/div>\n<\/div>\n<input type=\"text\" class=\"dropzone-input\"\n\tstyle=\"position:absolute!important;clip:rect(0,0,0,0)!important;height:1px!important;width:1px!important;border:0!important;overflow:hidden!important;padding:0!important;margin:0!important;\"\n\tid=\"wpforms-295-field_28\"\n\tname=\"wpforms_295_28\" required>\n<div class=\"wpforms-field-description\">Envio de arquivo somente em formato PDF .<\/div><\/div><div id=\"wpforms-295-field_25-container\" class=\"wpforms-field wpforms-field-file-upload\" data-field-id=\"25\"><label class=\"wpforms-field-label\" for=\"wpforms-295-field_25\">Foto arquivo em formato pdf at\u00e9 10Mb <span class=\"wpforms-required-label\">*<\/span><\/label><div class=\"wpforms-uploader\"\n\tdata-field-id=\"25\"\n\tdata-form-id=\"295\"\n\tdata-input-name=\"wpforms_295_25\"\n\tdata-extensions=\"jpg,jpeg,jpe,gif,png,bmp,tiff,tif,webp,avif,ico,heic,heif,heics,heifs,asf,asx,wmv,wmx,wm,avi,divx,mov,qt,mpeg,mpg,mpe,mp4,m4v,ogv,webm,mkv,3gp,3gpp,3g2,3gp2,txt,asc,c,cc,h,srt,csv,tsv,ics,rtx,css,vtt,mp3,m4a,m4b,aac,ra,ram,wav,ogg,oga,flac,mid,midi,wma,wax,mka,rtf,pdf,class,tar,zip,gz,gzip,rar,7z,psd,xcf,doc,pot,pps,ppt,wri,xla,xls,xlt,xlw,mpp,docx,docm,dotx,dotm,xlsx,xlsm,xlsb,xltx,xltm,xlam,pptx,pptm,ppsx,ppsm,potx,potm,ppam,sldx,sldm,onetoc,onetoc2,onepkg,oxps,xps,odt,odp,ods,odg,odc,odb,odf,wp,wpd,key,numbers,pages\"\n\tdata-max-size=\"10485760\"\n\tdata-max-file-number=\"2\"\n\tdata-post-max-size=\"268435456\"\n    data-max-parallel-uploads=\"4\"\n    data-parallel-uploads=\"true\"\n\tdata-file-chunk-size=\"2097152\">\n\t<div class=\"dz-message\">\n\t\t<svg viewBox=\"0 0 1024 1024\" focusable=\"false\" class=\"\" data-icon=\"inbox\" width=\"50px\" height=\"50px\" fill=\"#B1B1B1\" aria-hidden=\"true\"><path d=\"M885.2 446.3l-.2-.8-112.2-285.1c-5-16.1-19.9-27.2-36.8-27.2H281.2c-17 0-32.1 11.3-36.9 27.6L139.4 443l-.3.7-.2.8c-1.3 4.9-1.7 9.9-1 14.8-.1 1.6-.2 3.2-.2 4.8V830a60.9 60.9 0 0 0 60.8 60.8h627.2c33.5 0 60.8-27.3 60.9-60.8V464.1c0-1.3 0-2.6-.1-3.7.4-4.9 0-9.6-1.3-14.1zm-295.8-43l-.3 15.7c-.8 44.9-31.8 75.1-77.1 75.1-22.1 0-41.1-7.1-54.8-20.6S436 441.2 435.6 419l-.3-15.7H229.5L309 210h399.2l81.7 193.3H589.4zm-375 76.8h157.3c24.3 57.1 76 90.8 140.4 90.8 33.7 0 65-9.4 90.3-27.2 22.2-15.6 39.5-37.4 50.7-63.6h156.5V814H214.4V480.1z\"><\/path><\/svg>\n\t\t<span class=\"modern-title\">\n\t\t\tClique ou arraste os arquivos para esta \u00e1rea para fazer upload.\t\t<\/span>\n\n\t\t\t\t\t<span class=\"modern-hint\">\n\t\t\t\tVoc\u00ea pode enviar at\u00e9 2 arquivos.\t\t\t<\/span>\n\t\t\t<\/div>\n<\/div>\n<input type=\"text\" class=\"dropzone-input\"\n\tstyle=\"position:absolute!important;clip:rect(0,0,0,0)!important;height:1px!important;width:1px!important;border:0!important;overflow:hidden!important;padding:0!important;margin:0!important;\"\n\tid=\"wpforms-295-field_25\"\n\tname=\"wpforms_295_25\" required>\n<div class=\"wpforms-field-description\">Envio de arquivo somente em formato PDF .<\/div><\/div><div id=\"wpforms-295-field_26-container\" class=\"wpforms-field wpforms-field-file-upload\" data-field-id=\"26\"><label class=\"wpforms-field-label\" for=\"wpforms-295-field_26\">Envio de curr\u00edculo em formato pdf at\u00e9 10 Mb <span class=\"wpforms-required-label\">*<\/span><\/label><div class=\"wpforms-uploader\"\n\tdata-field-id=\"26\"\n\tdata-form-id=\"295\"\n\tdata-input-name=\"wpforms_295_26\"\n\tdata-extensions=\"pdf\"\n\tdata-max-size=\"10485760\"\n\tdata-max-file-number=\"4\"\n\tdata-post-max-size=\"268435456\"\n    data-max-parallel-uploads=\"4\"\n    data-parallel-uploads=\"true\"\n\tdata-file-chunk-size=\"2097152\">\n\t<div class=\"dz-message\">\n\t\t<svg viewBox=\"0 0 1024 1024\" focusable=\"false\" class=\"\" data-icon=\"inbox\" width=\"50px\" height=\"50px\" fill=\"#B1B1B1\" aria-hidden=\"true\"><path d=\"M885.2 446.3l-.2-.8-112.2-285.1c-5-16.1-19.9-27.2-36.8-27.2H281.2c-17 0-32.1 11.3-36.9 27.6L139.4 443l-.3.7-.2.8c-1.3 4.9-1.7 9.9-1 14.8-.1 1.6-.2 3.2-.2 4.8V830a60.9 60.9 0 0 0 60.8 60.8h627.2c33.5 0 60.8-27.3 60.9-60.8V464.1c0-1.3 0-2.6-.1-3.7.4-4.9 0-9.6-1.3-14.1zm-295.8-43l-.3 15.7c-.8 44.9-31.8 75.1-77.1 75.1-22.1 0-41.1-7.1-54.8-20.6S436 441.2 435.6 419l-.3-15.7H229.5L309 210h399.2l81.7 193.3H589.4zm-375 76.8h157.3c24.3 57.1 76 90.8 140.4 90.8 33.7 0 65-9.4 90.3-27.2 22.2-15.6 39.5-37.4 50.7-63.6h156.5V814H214.4V480.1z\"><\/path><\/svg>\n\t\t<span class=\"modern-title\">\n\t\t\tClique ou arraste os arquivos para esta \u00e1rea para fazer upload.\t\t<\/span>\n\n\t\t\t\t\t<span class=\"modern-hint\">\n\t\t\t\tVoc\u00ea pode enviar at\u00e9 4 arquivos.\t\t\t<\/span>\n\t\t\t<\/div>\n<\/div>\n<input type=\"text\" class=\"dropzone-input\"\n\tstyle=\"position:absolute!important;clip:rect(0,0,0,0)!important;height:1px!important;width:1px!important;border:0!important;overflow:hidden!important;padding:0!important;margin:0!important;\"\n\tid=\"wpforms-295-field_26\"\n\tname=\"wpforms_295_26\" required>\n<\/div><\/div><div class=\"wpforms-field wpforms-field-hp\"><label for=\"wpforms-295-field-hp\" class=\"wpforms-field-label\">Website<\/label><input type=\"text\" name=\"wpforms[hp]\" id=\"wpforms-295-field-hp\" class=\"wpforms-field-medium\"><\/div><input type=\"hidden\" name=\"wpforms[recaptcha]\" value=\"\"><div class=\"wpforms-submit-container\" ><input type=\"hidden\" name=\"wpforms[id]\" value=\"295\"><input type=\"hidden\" name=\"wpforms[author]\" value=\"1\"><button type=\"submit\" name=\"wpforms[submit]\" class=\"wpforms-submit \" id=\"wpforms-submit-295\" value=\"wpforms-submit\" aria-live=\"assertive\" data-alt-text=\"Enviando...\" data-submit-text=\"Enviar\">Enviar<\/button><\/div><\/form><\/div>  <!-- .wpforms-container -->\n","protected":false},"excerpt":{"rendered":"<p>Seja Bem Vindo Professor. Deseja fazer parte de nossa equipe ? Aten\u00e7\u00e3o: Estamos cadastrando. Venha fazer parte de nossa equipe. &#8220;&#8221; Professores para o Ensino Fundamental I &#8220;&#8221; Prezado professor, para se qualificar as nossas vagas \u00e9 necess\u00e1rio o\u00a0 preenchimento do formul\u00e1rio a seguir bem como o envio pr\u00e9vio de todos os certificados comprobat\u00f3rios de [&hellip;]<\/p>\n","protected":false},"author":1,"featured_media":0,"parent":0,"menu_order":0,"comment_status":"closed","ping_status":"closed","template":"","meta":{"footnotes":""},"class_list":["post-296","page","type-page","status-publish","hentry"],"yoast_head":"<!-- This site is optimized with the Yoast SEO plugin v26.8 - https:\/\/yoast.com\/product\/yoast-seo-wordpress\/ -->\n<title>Cadastro Professor - Escola Escobar<\/title>\n<meta name=\"robots\" content=\"index, follow, max-snippet:-1, max-image-preview:large, max-video-preview:-1\" \/>\n<link rel=\"canonical\" href=\"https:\/\/escolaescobar.com.br\/ee\/cadastro-professor\/\" \/>\n<meta property=\"og:locale\" content=\"pt_BR\" \/>\n<meta property=\"og:type\" content=\"article\" \/>\n<meta property=\"og:title\" content=\"Cadastro Professor - Escola Escobar\" \/>\n<meta property=\"og:description\" content=\"Seja Bem Vindo Professor. Deseja fazer parte de nossa equipe ? Aten\u00e7\u00e3o: Estamos cadastrando. Venha fazer parte de nossa equipe. &#8220;&#8221; Professores para o Ensino Fundamental I &#8220;&#8221; Prezado professor, para se qualificar as nossas vagas \u00e9 necess\u00e1rio o\u00a0 preenchimento do formul\u00e1rio a seguir bem como o envio pr\u00e9vio de todos os certificados comprobat\u00f3rios de [&hellip;]\" \/>\n<meta property=\"og:url\" content=\"https:\/\/escolaescobar.com.br\/ee\/cadastro-professor\/\" \/>\n<meta property=\"og:site_name\" content=\"Escola Escobar\" \/>\n<meta property=\"article:publisher\" content=\"https:\/\/www.facebook.com\/EscolaCoronelEscobar\" \/>\n<meta property=\"article:modified_time\" content=\"2025-08-15T19:18:27+00:00\" \/>\n<meta name=\"twitter:card\" content=\"summary_large_image\" \/>\n<meta name=\"twitter:label1\" content=\"Est. tempo de leitura\" \/>\n\t<meta name=\"twitter:data1\" content=\"1 minuto\" \/>\n<script type=\"application\/ld+json\" class=\"yoast-schema-graph\">{\"@context\":\"https:\/\/schema.org\",\"@graph\":[{\"@type\":\"WebPage\",\"@id\":\"https:\/\/escolaescobar.com.br\/ee\/cadastro-professor\/\",\"url\":\"https:\/\/escolaescobar.com.br\/ee\/cadastro-professor\/\",\"name\":\"Cadastro Professor - Escola Escobar\",\"isPartOf\":{\"@id\":\"https:\/\/escolaescobar.com.br\/ee\/#website\"},\"datePublished\":\"2019-10-24T18:25:24+00:00\",\"dateModified\":\"2025-08-15T19:18:27+00:00\",\"breadcrumb\":{\"@id\":\"https:\/\/escolaescobar.com.br\/ee\/cadastro-professor\/#breadcrumb\"},\"inLanguage\":\"pt-BR\",\"potentialAction\":[{\"@type\":\"ReadAction\",\"target\":[\"https:\/\/escolaescobar.com.br\/ee\/cadastro-professor\/\"]}]},{\"@type\":\"BreadcrumbList\",\"@id\":\"https:\/\/escolaescobar.com.br\/ee\/cadastro-professor\/#breadcrumb\",\"itemListElement\":[{\"@type\":\"ListItem\",\"position\":1,\"name\":\"In\u00edcio\",\"item\":\"https:\/\/escolaescobar.com.br\/ee\/\"},{\"@type\":\"ListItem\",\"position\":2,\"name\":\"Cadastro Professor\"}]},{\"@type\":\"WebSite\",\"@id\":\"https:\/\/escolaescobar.com.br\/ee\/#website\",\"url\":\"https:\/\/escolaescobar.com.br\/ee\/\",\"name\":\"Escola Escobar\",\"description\":\"Escola Escobar --- Desde 2002\",\"publisher\":{\"@id\":\"https:\/\/escolaescobar.com.br\/ee\/#organization\"},\"potentialAction\":[{\"@type\":\"SearchAction\",\"target\":{\"@type\":\"EntryPoint\",\"urlTemplate\":\"https:\/\/escolaescobar.com.br\/ee\/?s={search_term_string}\"},\"query-input\":{\"@type\":\"PropertyValueSpecification\",\"valueRequired\":true,\"valueName\":\"search_term_string\"}}],\"inLanguage\":\"pt-BR\"},{\"@type\":\"Organization\",\"@id\":\"https:\/\/escolaescobar.com.br\/ee\/#organization\",\"name\":\"Escola Escobar\",\"alternateName\":\"Escola de Ensino Fundamental Coronel Escobar\",\"url\":\"https:\/\/escolaescobar.com.br\/ee\/\",\"logo\":{\"@type\":\"ImageObject\",\"inLanguage\":\"pt-BR\",\"@id\":\"https:\/\/escolaescobar.com.br\/ee\/#\/schema\/logo\/image\/\",\"url\":\"https:\/\/escolaescobar.com.br\/ee\/wp-content\/uploads\/2019\/11\/Logo-Escola-para-Google.jpg\",\"contentUrl\":\"https:\/\/escolaescobar.com.br\/ee\/wp-content\/uploads\/2019\/11\/Logo-Escola-para-Google.jpg\",\"width\":250,\"height\":250,\"caption\":\"Escola Escobar\"},\"image\":{\"@id\":\"https:\/\/escolaescobar.com.br\/ee\/#\/schema\/logo\/image\/\"},\"sameAs\":[\"https:\/\/www.facebook.com\/EscolaCoronelEscobar\",\"https:\/\/www.instagram.com\/escolacoronelescobar\/?hl=pt-br\"]}]}<\/script>\n<!-- \/ Yoast SEO plugin. -->","yoast_head_json":{"title":"Cadastro Professor - Escola Escobar","robots":{"index":"index","follow":"follow","max-snippet":"max-snippet:-1","max-image-preview":"max-image-preview:large","max-video-preview":"max-video-preview:-1"},"canonical":"https:\/\/escolaescobar.com.br\/ee\/cadastro-professor\/","og_locale":"pt_BR","og_type":"article","og_title":"Cadastro Professor - Escola Escobar","og_description":"Seja Bem Vindo Professor. Deseja fazer parte de nossa equipe ? Aten\u00e7\u00e3o: Estamos cadastrando. Venha fazer parte de nossa equipe. &#8220;&#8221; Professores para o Ensino Fundamental I &#8220;&#8221; Prezado professor, para se qualificar as nossas vagas \u00e9 necess\u00e1rio o\u00a0 preenchimento do formul\u00e1rio a seguir bem como o envio pr\u00e9vio de todos os certificados comprobat\u00f3rios de [&hellip;]","og_url":"https:\/\/escolaescobar.com.br\/ee\/cadastro-professor\/","og_site_name":"Escola Escobar","article_publisher":"https:\/\/www.facebook.com\/EscolaCoronelEscobar","article_modified_time":"2025-08-15T19:18:27+00:00","twitter_card":"summary_large_image","twitter_misc":{"Est. tempo de leitura":"1 minuto"},"schema":{"@context":"https:\/\/schema.org","@graph":[{"@type":"WebPage","@id":"https:\/\/escolaescobar.com.br\/ee\/cadastro-professor\/","url":"https:\/\/escolaescobar.com.br\/ee\/cadastro-professor\/","name":"Cadastro Professor - Escola Escobar","isPartOf":{"@id":"https:\/\/escolaescobar.com.br\/ee\/#website"},"datePublished":"2019-10-24T18:25:24+00:00","dateModified":"2025-08-15T19:18:27+00:00","breadcrumb":{"@id":"https:\/\/escolaescobar.com.br\/ee\/cadastro-professor\/#breadcrumb"},"inLanguage":"pt-BR","potentialAction":[{"@type":"ReadAction","target":["https:\/\/escolaescobar.com.br\/ee\/cadastro-professor\/"]}]},{"@type":"BreadcrumbList","@id":"https:\/\/escolaescobar.com.br\/ee\/cadastro-professor\/#breadcrumb","itemListElement":[{"@type":"ListItem","position":1,"name":"In\u00edcio","item":"https:\/\/escolaescobar.com.br\/ee\/"},{"@type":"ListItem","position":2,"name":"Cadastro Professor"}]},{"@type":"WebSite","@id":"https:\/\/escolaescobar.com.br\/ee\/#website","url":"https:\/\/escolaescobar.com.br\/ee\/","name":"Escola Escobar","description":"Escola Escobar --- Desde 2002","publisher":{"@id":"https:\/\/escolaescobar.com.br\/ee\/#organization"},"potentialAction":[{"@type":"SearchAction","target":{"@type":"EntryPoint","urlTemplate":"https:\/\/escolaescobar.com.br\/ee\/?s={search_term_string}"},"query-input":{"@type":"PropertyValueSpecification","valueRequired":true,"valueName":"search_term_string"}}],"inLanguage":"pt-BR"},{"@type":"Organization","@id":"https:\/\/escolaescobar.com.br\/ee\/#organization","name":"Escola Escobar","alternateName":"Escola de Ensino Fundamental Coronel Escobar","url":"https:\/\/escolaescobar.com.br\/ee\/","logo":{"@type":"ImageObject","inLanguage":"pt-BR","@id":"https:\/\/escolaescobar.com.br\/ee\/#\/schema\/logo\/image\/","url":"https:\/\/escolaescobar.com.br\/ee\/wp-content\/uploads\/2019\/11\/Logo-Escola-para-Google.jpg","contentUrl":"https:\/\/escolaescobar.com.br\/ee\/wp-content\/uploads\/2019\/11\/Logo-Escola-para-Google.jpg","width":250,"height":250,"caption":"Escola Escobar"},"image":{"@id":"https:\/\/escolaescobar.com.br\/ee\/#\/schema\/logo\/image\/"},"sameAs":["https:\/\/www.facebook.com\/EscolaCoronelEscobar","https:\/\/www.instagram.com\/escolacoronelescobar\/?hl=pt-br"]}]}},"_links":{"self":[{"href":"https:\/\/escolaescobar.com.br\/ee\/wp-json\/wp\/v2\/pages\/296","targetHints":{"allow":["GET"]}}],"collection":[{"href":"https:\/\/escolaescobar.com.br\/ee\/wp-json\/wp\/v2\/pages"}],"about":[{"href":"https:\/\/escolaescobar.com.br\/ee\/wp-json\/wp\/v2\/types\/page"}],"author":[{"embeddable":true,"href":"https:\/\/escolaescobar.com.br\/ee\/wp-json\/wp\/v2\/users\/1"}],"replies":[{"embeddable":true,"href":"https:\/\/escolaescobar.com.br\/ee\/wp-json\/wp\/v2\/comments?post=296"}],"version-history":[{"count":11,"href":"https:\/\/escolaescobar.com.br\/ee\/wp-json\/wp\/v2\/pages\/296\/revisions"}],"predecessor-version":[{"id":3049,"href":"https:\/\/escolaescobar.com.br\/ee\/wp-json\/wp\/v2\/pages\/296\/revisions\/3049"}],"wp:attachment":[{"href":"https:\/\/escolaescobar.com.br\/ee\/wp-json\/wp\/v2\/media?parent=296"}],"curies":[{"name":"wp","href":"https:\/\/api.w.org\/{rel}","templated":true}]}}