{"id":256,"date":"2019-11-06T20:52:08","date_gmt":"2019-11-06T23:52:08","guid":{"rendered":"http:\/\/escolaescobar.com.br\/ee\/?page_id=256"},"modified":"2021-10-20T15:59:03","modified_gmt":"2021-10-20T18:59:03","slug":"unoi","status":"publish","type":"page","link":"https:\/\/escolaescobar.com.br\/ee\/unoi\/","title":{"rendered":"Plataformas"},"content":{"rendered":"<p><span style=\"font-size: 10pt;\">A escola faz uso da plataforma did\u00e1tica UNO, e da Plataforma de apoio Moodle.<\/span><\/p>\n<p><span style=\"color: #000000; font-size: 10pt;\">O UNO Educa\u00e7\u00e3o \u00e9 reconhecido como um dos projetos educacionais mais inovadores da Am\u00e9rica Latina. O Sistema Uno Internacional traz \u00e0 escola o que h\u00e1 de mais avan\u00e7ado em conte\u00fado pedag\u00f3gico e tecnol\u00f3gico.Tem como objetivo\u00a0 promover uma mudan\u00e7a estrutural nas escolas, unindo discuss\u00f5es sobre os princ\u00edpios da educa\u00e7\u00e3o do s\u00e9culo XXI ao que existe de mais avan\u00e7ado em pedagogia, tecnologia, educa\u00e7\u00e3o bil\u00edngue, avalia\u00e7\u00e3o e forma\u00e7\u00e3o continuada do corpo docente. Somente no Brasil somos uma rede de mais de 400 escolas parceiras, com mais de 130 mil alunos.<\/span><\/p>\n<p><span style=\"font-size: 10pt;\">Assista ao v\u00eddeo:<\/span><\/p>\n<table style=\"border-collapse: collapse; width: 30.7287%;\">\n<tbody>\n<tr>\n<td style=\"width: 15.1449%;\"><a href=\"https:\/\/youtu.be\/Z4CXgqt-ltg\" target=\"_blank\" rel=\"noopener noreferrer\"><img loading=\"lazy\" decoding=\"async\" class=\"wp-image-734 alignleft\" src=\"https:\/\/escolaescobar.com.br\/ee\/wp-content\/uploads\/2020\/04\/imagem-video-01.jpg\" alt=\"\" width=\"65\" height=\"71\" srcset=\"https:\/\/escolaescobar.com.br\/ee\/wp-content\/uploads\/2020\/04\/imagem-video-01.jpg 398w, https:\/\/escolaescobar.com.br\/ee\/wp-content\/uploads\/2020\/04\/imagem-video-01-274x300.jpg 274w\" sizes=\"auto, (max-width: 65px) 100vw, 65px\" \/><\/a><\/td>\n<td style=\"width: 15.5838%;\"><a href=\"https:\/\/youtu.be\/617NWdHImd0\" target=\"_blank\" rel=\"noopener noreferrer\"><img loading=\"lazy\" decoding=\"async\" class=\"aligncenter wp-image-739\" src=\"https:\/\/escolaescobar.com.br\/ee\/wp-content\/uploads\/2020\/04\/imagem-video-02.jpg\" alt=\"\" width=\"75\" height=\"79\" srcset=\"https:\/\/escolaescobar.com.br\/ee\/wp-content\/uploads\/2020\/04\/imagem-video-02.jpg 340w, https:\/\/escolaescobar.com.br\/ee\/wp-content\/uploads\/2020\/04\/imagem-video-02-285x300.jpg 285w\" sizes=\"auto, (max-width: 75px) 100vw, 75px\" \/><\/a><\/td>\n<\/tr>\n<\/tbody>\n<\/table>\n<p><span style=\"font-size: 10pt;\">O que \u00e9 Rede Unoi ?<\/span> <iframe loading=\"lazy\" src=\"https:\/\/www.youtube.com\/embed\/yFZ6xf3AYnI\" width=\"560\" height=\"315\" frameborder=\"0\" allowfullscreen=\"allowfullscreen\"><\/iframe><\/p>\n<p><span style=\"font-size: 10pt;\"><em>Renato J\u00fadice &#8211; Diretor Academico Unoi<\/em><\/span><\/p>\n<p>&nbsp;<\/p>\n","protected":false},"excerpt":{"rendered":"<p>A escola faz uso da plataforma did\u00e1tica UNO, e da Plataforma de apoio Moodle. O UNO Educa\u00e7\u00e3o \u00e9 reconhecido como um dos projetos educacionais mais inovadores da Am\u00e9rica Latina. O Sistema Uno Internacional traz \u00e0 escola o que h\u00e1 de mais avan\u00e7ado em conte\u00fado pedag\u00f3gico e tecnol\u00f3gico.Tem como objetivo\u00a0 promover uma mudan\u00e7a estrutural nas escolas, [&hellip;]<\/p>\n","protected":false},"author":1,"featured_media":0,"parent":0,"menu_order":0,"comment_status":"closed","ping_status":"closed","template":"","meta":{"footnotes":""},"class_list":["post-256","page","type-page","status-publish","hentry"],"yoast_head":"<!-- This site is optimized with the Yoast SEO plugin v27.4 - https:\/\/yoast.com\/product\/yoast-seo-wordpress\/ -->\n<title>Plataformas - Escola Escobar<\/title>\n<meta name=\"robots\" content=\"index, follow, max-snippet:-1, max-image-preview:large, max-video-preview:-1\" \/>\n<link rel=\"canonical\" href=\"https:\/\/escolaescobar.com.br\/ee\/unoi\/\" \/>\n<meta property=\"og:locale\" content=\"pt_BR\" \/>\n<meta property=\"og:type\" content=\"article\" \/>\n<meta property=\"og:title\" content=\"Plataformas - Escola Escobar\" \/>\n<meta property=\"og:description\" content=\"A escola faz uso da plataforma did\u00e1tica UNO, e da Plataforma de apoio Moodle. O UNO Educa\u00e7\u00e3o \u00e9 reconhecido como um dos projetos educacionais mais inovadores da Am\u00e9rica Latina. O Sistema Uno Internacional traz \u00e0 escola o que h\u00e1 de mais avan\u00e7ado em conte\u00fado pedag\u00f3gico e tecnol\u00f3gico.Tem como objetivo\u00a0 promover uma mudan\u00e7a estrutural nas escolas, [&hellip;]\" \/>\n<meta property=\"og:url\" content=\"https:\/\/escolaescobar.com.br\/ee\/unoi\/\" \/>\n<meta property=\"og:site_name\" content=\"Escola Escobar\" \/>\n<meta property=\"article:publisher\" content=\"https:\/\/www.facebook.com\/EscolaCoronelEscobar\" \/>\n<meta property=\"article:modified_time\" content=\"2021-10-20T18:59:03+00:00\" \/>\n<meta property=\"og:image\" content=\"http:\/\/escolaescobar.com.br\/ee\/wp-content\/uploads\/2020\/04\/imagem-video-01.jpg\" \/>\n<meta name=\"twitter:card\" content=\"summary_large_image\" \/>\n<meta name=\"twitter:label1\" content=\"Est. tempo de leitura\" \/>\n\t<meta name=\"twitter:data1\" content=\"1 minuto\" \/>\n<script type=\"application\/ld+json\" class=\"yoast-schema-graph\">{\"@context\":\"https:\\\/\\\/schema.org\",\"@graph\":[{\"@type\":\"WebPage\",\"@id\":\"https:\\\/\\\/escolaescobar.com.br\\\/ee\\\/unoi\\\/\",\"url\":\"https:\\\/\\\/escolaescobar.com.br\\\/ee\\\/unoi\\\/\",\"name\":\"Plataformas - Escola Escobar\",\"isPartOf\":{\"@id\":\"https:\\\/\\\/escolaescobar.com.br\\\/ee\\\/#website\"},\"primaryImageOfPage\":{\"@id\":\"https:\\\/\\\/escolaescobar.com.br\\\/ee\\\/unoi\\\/#primaryimage\"},\"image\":{\"@id\":\"https:\\\/\\\/escolaescobar.com.br\\\/ee\\\/unoi\\\/#primaryimage\"},\"thumbnailUrl\":\"http:\\\/\\\/escolaescobar.com.br\\\/ee\\\/wp-content\\\/uploads\\\/2020\\\/04\\\/imagem-video-01.jpg\",\"datePublished\":\"2019-11-06T23:52:08+00:00\",\"dateModified\":\"2021-10-20T18:59:03+00:00\",\"breadcrumb\":{\"@id\":\"https:\\\/\\\/escolaescobar.com.br\\\/ee\\\/unoi\\\/#breadcrumb\"},\"inLanguage\":\"pt-BR\",\"potentialAction\":[{\"@type\":\"ReadAction\",\"target\":[\"https:\\\/\\\/escolaescobar.com.br\\\/ee\\\/unoi\\\/\"]}]},{\"@type\":\"ImageObject\",\"inLanguage\":\"pt-BR\",\"@id\":\"https:\\\/\\\/escolaescobar.com.br\\\/ee\\\/unoi\\\/#primaryimage\",\"url\":\"http:\\\/\\\/escolaescobar.com.br\\\/ee\\\/wp-content\\\/uploads\\\/2020\\\/04\\\/imagem-video-01.jpg\",\"contentUrl\":\"http:\\\/\\\/escolaescobar.com.br\\\/ee\\\/wp-content\\\/uploads\\\/2020\\\/04\\\/imagem-video-01.jpg\"},{\"@type\":\"BreadcrumbList\",\"@id\":\"https:\\\/\\\/escolaescobar.com.br\\\/ee\\\/unoi\\\/#breadcrumb\",\"itemListElement\":[{\"@type\":\"ListItem\",\"position\":1,\"name\":\"In\u00edcio\",\"item\":\"https:\\\/\\\/escolaescobar.com.br\\\/ee\\\/\"},{\"@type\":\"ListItem\",\"position\":2,\"name\":\"Plataformas\"}]},{\"@type\":\"WebSite\",\"@id\":\"https:\\\/\\\/escolaescobar.com.br\\\/ee\\\/#website\",\"url\":\"https:\\\/\\\/escolaescobar.com.br\\\/ee\\\/\",\"name\":\"Escola Escobar\",\"description\":\"Escola Escobar --- Desde 2002\",\"publisher\":{\"@id\":\"https:\\\/\\\/escolaescobar.com.br\\\/ee\\\/#organization\"},\"potentialAction\":[{\"@type\":\"SearchAction\",\"target\":{\"@type\":\"EntryPoint\",\"urlTemplate\":\"https:\\\/\\\/escolaescobar.com.br\\\/ee\\\/?s={search_term_string}\"},\"query-input\":{\"@type\":\"PropertyValueSpecification\",\"valueRequired\":true,\"valueName\":\"search_term_string\"}}],\"inLanguage\":\"pt-BR\"},{\"@type\":\"Organization\",\"@id\":\"https:\\\/\\\/escolaescobar.com.br\\\/ee\\\/#organization\",\"name\":\"Escola Escobar\",\"alternateName\":\"Escola de Ensino Fundamental Coronel Escobar\",\"url\":\"https:\\\/\\\/escolaescobar.com.br\\\/ee\\\/\",\"logo\":{\"@type\":\"ImageObject\",\"inLanguage\":\"pt-BR\",\"@id\":\"https:\\\/\\\/escolaescobar.com.br\\\/ee\\\/#\\\/schema\\\/logo\\\/image\\\/\",\"url\":\"https:\\\/\\\/escolaescobar.com.br\\\/ee\\\/wp-content\\\/uploads\\\/2019\\\/11\\\/Logo-Escola-para-Google.jpg\",\"contentUrl\":\"https:\\\/\\\/escolaescobar.com.br\\\/ee\\\/wp-content\\\/uploads\\\/2019\\\/11\\\/Logo-Escola-para-Google.jpg\",\"width\":250,\"height\":250,\"caption\":\"Escola Escobar\"},\"image\":{\"@id\":\"https:\\\/\\\/escolaescobar.com.br\\\/ee\\\/#\\\/schema\\\/logo\\\/image\\\/\"},\"sameAs\":[\"https:\\\/\\\/www.facebook.com\\\/EscolaCoronelEscobar\",\"https:\\\/\\\/www.instagram.com\\\/escolacoronelescobar\\\/?hl=pt-br\"]}]}<\/script>\n<!-- \/ Yoast SEO plugin. -->","yoast_head_json":{"title":"Plataformas - Escola Escobar","robots":{"index":"index","follow":"follow","max-snippet":"max-snippet:-1","max-image-preview":"max-image-preview:large","max-video-preview":"max-video-preview:-1"},"canonical":"https:\/\/escolaescobar.com.br\/ee\/unoi\/","og_locale":"pt_BR","og_type":"article","og_title":"Plataformas - Escola Escobar","og_description":"A escola faz uso da plataforma did\u00e1tica UNO, e da Plataforma de apoio Moodle. O UNO Educa\u00e7\u00e3o \u00e9 reconhecido como um dos projetos educacionais mais inovadores da Am\u00e9rica Latina. O Sistema Uno Internacional traz \u00e0 escola o que h\u00e1 de mais avan\u00e7ado em conte\u00fado pedag\u00f3gico e tecnol\u00f3gico.Tem como objetivo\u00a0 promover uma mudan\u00e7a estrutural nas escolas, [&hellip;]","og_url":"https:\/\/escolaescobar.com.br\/ee\/unoi\/","og_site_name":"Escola Escobar","article_publisher":"https:\/\/www.facebook.com\/EscolaCoronelEscobar","article_modified_time":"2021-10-20T18:59:03+00:00","og_image":[{"url":"http:\/\/escolaescobar.com.br\/ee\/wp-content\/uploads\/2020\/04\/imagem-video-01.jpg","type":"","width":"","height":""}],"twitter_card":"summary_large_image","twitter_misc":{"Est. tempo de leitura":"1 minuto"},"schema":{"@context":"https:\/\/schema.org","@graph":[{"@type":"WebPage","@id":"https:\/\/escolaescobar.com.br\/ee\/unoi\/","url":"https:\/\/escolaescobar.com.br\/ee\/unoi\/","name":"Plataformas - Escola Escobar","isPartOf":{"@id":"https:\/\/escolaescobar.com.br\/ee\/#website"},"primaryImageOfPage":{"@id":"https:\/\/escolaescobar.com.br\/ee\/unoi\/#primaryimage"},"image":{"@id":"https:\/\/escolaescobar.com.br\/ee\/unoi\/#primaryimage"},"thumbnailUrl":"http:\/\/escolaescobar.com.br\/ee\/wp-content\/uploads\/2020\/04\/imagem-video-01.jpg","datePublished":"2019-11-06T23:52:08+00:00","dateModified":"2021-10-20T18:59:03+00:00","breadcrumb":{"@id":"https:\/\/escolaescobar.com.br\/ee\/unoi\/#breadcrumb"},"inLanguage":"pt-BR","potentialAction":[{"@type":"ReadAction","target":["https:\/\/escolaescobar.com.br\/ee\/unoi\/"]}]},{"@type":"ImageObject","inLanguage":"pt-BR","@id":"https:\/\/escolaescobar.com.br\/ee\/unoi\/#primaryimage","url":"http:\/\/escolaescobar.com.br\/ee\/wp-content\/uploads\/2020\/04\/imagem-video-01.jpg","contentUrl":"http:\/\/escolaescobar.com.br\/ee\/wp-content\/uploads\/2020\/04\/imagem-video-01.jpg"},{"@type":"BreadcrumbList","@id":"https:\/\/escolaescobar.com.br\/ee\/unoi\/#breadcrumb","itemListElement":[{"@type":"ListItem","position":1,"name":"In\u00edcio","item":"https:\/\/escolaescobar.com.br\/ee\/"},{"@type":"ListItem","position":2,"name":"Plataformas"}]},{"@type":"WebSite","@id":"https:\/\/escolaescobar.com.br\/ee\/#website","url":"https:\/\/escolaescobar.com.br\/ee\/","name":"Escola Escobar","description":"Escola Escobar --- Desde 2002","publisher":{"@id":"https:\/\/escolaescobar.com.br\/ee\/#organization"},"potentialAction":[{"@type":"SearchAction","target":{"@type":"EntryPoint","urlTemplate":"https:\/\/escolaescobar.com.br\/ee\/?s={search_term_string}"},"query-input":{"@type":"PropertyValueSpecification","valueRequired":true,"valueName":"search_term_string"}}],"inLanguage":"pt-BR"},{"@type":"Organization","@id":"https:\/\/escolaescobar.com.br\/ee\/#organization","name":"Escola Escobar","alternateName":"Escola de Ensino Fundamental Coronel Escobar","url":"https:\/\/escolaescobar.com.br\/ee\/","logo":{"@type":"ImageObject","inLanguage":"pt-BR","@id":"https:\/\/escolaescobar.com.br\/ee\/#\/schema\/logo\/image\/","url":"https:\/\/escolaescobar.com.br\/ee\/wp-content\/uploads\/2019\/11\/Logo-Escola-para-Google.jpg","contentUrl":"https:\/\/escolaescobar.com.br\/ee\/wp-content\/uploads\/2019\/11\/Logo-Escola-para-Google.jpg","width":250,"height":250,"caption":"Escola Escobar"},"image":{"@id":"https:\/\/escolaescobar.com.br\/ee\/#\/schema\/logo\/image\/"},"sameAs":["https:\/\/www.facebook.com\/EscolaCoronelEscobar","https:\/\/www.instagram.com\/escolacoronelescobar\/?hl=pt-br"]}]}},"_links":{"self":[{"href":"https:\/\/escolaescobar.com.br\/ee\/wp-json\/wp\/v2\/pages\/256","targetHints":{"allow":["GET"]}}],"collection":[{"href":"https:\/\/escolaescobar.com.br\/ee\/wp-json\/wp\/v2\/pages"}],"about":[{"href":"https:\/\/escolaescobar.com.br\/ee\/wp-json\/wp\/v2\/types\/page"}],"author":[{"embeddable":true,"href":"https:\/\/escolaescobar.com.br\/ee\/wp-json\/wp\/v2\/users\/1"}],"replies":[{"embeddable":true,"href":"https:\/\/escolaescobar.com.br\/ee\/wp-json\/wp\/v2\/comments?post=256"}],"version-history":[{"count":25,"href":"https:\/\/escolaescobar.com.br\/ee\/wp-json\/wp\/v2\/pages\/256\/revisions"}],"predecessor-version":[{"id":2186,"href":"https:\/\/escolaescobar.com.br\/ee\/wp-json\/wp\/v2\/pages\/256\/revisions\/2186"}],"wp:attachment":[{"href":"https:\/\/escolaescobar.com.br\/ee\/wp-json\/wp\/v2\/media?parent=256"}],"curies":[{"name":"wp","href":"https:\/\/api.w.org\/{rel}","templated":true}]}}